{"id":12,"date":"2025-05-08T21:49:32","date_gmt":"2025-05-08T19:49:32","guid":{"rendered":"http:\/\/clearitech.com\/?page_id=12"},"modified":"2025-05-08T22:37:00","modified_gmt":"2025-05-08T20:37:00","slug":"accueil","status":"publish","type":"page","link":"https:\/\/clearitech.com\/","title":{"rendered":"Accueil"},"content":{"rendered":"\n<div class=\"wp-block-media-text alignfull has-media-on-the-right is-stacked-on-mobile\" style=\"grid-template-columns:auto 40%\"><div class=\"wp-block-media-text__content\">\n<p>Freelance depuis plus de 10 ans, passionn\u00e9 par les technologies num\u00e9riques, je mets mes comp\u00e9tences au service des entreprises et ind\u00e9pendants pour r\u00e9pondre \u00e0 leurs besoins en\u00a0<strong>maintenance de parc informatique<\/strong>,\u00a0<strong>d\u00e9veloppement d\u2019applications<\/strong>\u00a0et\u00a0<strong>cr\u00e9ation de sites web<\/strong>.<\/p>\n\n\n\n<p><br>Que vous souhaitiez assurer la fiabilit\u00e9 de votre infrastructure informatique, d\u00e9velopper une solution sur mesure pour vos activit\u00e9s, ou renforcer votre pr\u00e9sence en ligne, je vous propose un accompagnement complet, personnalis\u00e9 et r\u00e9actif.<\/p>\n\n\n\n<p><br>Gr\u00e2ce \u00e0 une expertise polyvalente et une approche orient\u00e9e r\u00e9sultats, je vous aide \u00e0 gagner en performance, s\u00e9curit\u00e9 et visibilit\u00e9.<\/p>\n\n\n\n<p>Discutons de votre projet.<\/p>\n<\/div><figure class=\"wp-block-media-text__media\"><img loading=\"lazy\" decoding=\"async\" width=\"1024\" height=\"491\" src=\"http:\/\/clearitech.com\/wp-content\/uploads\/2025\/05\/computer-1024x491.jpg\" alt=\"\" class=\"wp-image-19 size-full\" srcset=\"https:\/\/clearitech.com\/wp-content\/uploads\/2025\/05\/computer-1024x491.jpg 1024w, https:\/\/clearitech.com\/wp-content\/uploads\/2025\/05\/computer-300x144.jpg 300w, https:\/\/clearitech.com\/wp-content\/uploads\/2025\/05\/computer-768x368.jpg 768w, https:\/\/clearitech.com\/wp-content\/uploads\/2025\/05\/computer-1536x737.jpg 1536w, https:\/\/clearitech.com\/wp-content\/uploads\/2025\/05\/computer.jpg 1920w\" sizes=\"auto, (max-width: 1024px) 100vw, 1024px\" \/><\/figure><\/div>\n\n\n\n<p><\/p>\n","protected":false},"excerpt":{"rendered":"<p>Freelance depuis plus de 10 ans, passionn\u00e9 par les technologies num\u00e9riques, je mets mes comp\u00e9tences au service des entreprises et ind\u00e9pendants pour r\u00e9pondre \u00e0 leurs besoins en\u00a0maintenance de parc informatique,\u00a0d\u00e9veloppement d\u2019applications\u00a0et\u00a0cr\u00e9ation de sites web. Que vous souhaitiez assurer la fiabilit\u00e9 de votre infrastructure informatique, d\u00e9velopper une solution sur mesure pour vos activit\u00e9s, ou renforcer votre&#8230;<\/p>\n","protected":false},"author":1,"featured_media":0,"parent":0,"menu_order":0,"comment_status":"closed","ping_status":"closed","template":"","meta":{"_kadence_starter_templates_imported_post":false,"_kad_post_transparent":"","_kad_post_title":"","_kad_post_layout":"","_kad_post_sidebar_id":"","_kad_post_content_style":"","_kad_post_vertical_padding":"","_kad_post_feature":"","_kad_post_feature_position":"","_kad_post_header":false,"_kad_post_footer":false,"footnotes":""},"class_list":["post-12","page","type-page","status-publish","hentry"],"_links":{"self":[{"href":"https:\/\/clearitech.com\/index.php\/wp-json\/wp\/v2\/pages\/12","targetHints":{"allow":["GET"]}}],"collection":[{"href":"https:\/\/clearitech.com\/index.php\/wp-json\/wp\/v2\/pages"}],"about":[{"href":"https:\/\/clearitech.com\/index.php\/wp-json\/wp\/v2\/types\/page"}],"author":[{"embeddable":true,"href":"https:\/\/clearitech.com\/index.php\/wp-json\/wp\/v2\/users\/1"}],"replies":[{"embeddable":true,"href":"https:\/\/clearitech.com\/index.php\/wp-json\/wp\/v2\/comments?post=12"}],"version-history":[{"count":6,"href":"https:\/\/clearitech.com\/index.php\/wp-json\/wp\/v2\/pages\/12\/revisions"}],"predecessor-version":[{"id":22,"href":"https:\/\/clearitech.com\/index.php\/wp-json\/wp\/v2\/pages\/12\/revisions\/22"}],"wp:attachment":[{"href":"https:\/\/clearitech.com\/index.php\/wp-json\/wp\/v2\/media?parent=12"}],"curies":[{"name":"wp","href":"https:\/\/api.w.org\/{rel}","templated":true}]}}